{"id":79,"date":"2023-03-07T17:08:51","date_gmt":"2023-03-07T17:08:51","guid":{"rendered":"https:\/\/pa.sensationimage.com\/?page_id=79"},"modified":"2026-02-09T15:23:48","modified_gmt":"2026-02-09T15:23:48","slug":"contacto","status":"publish","type":"page","link":"https:\/\/pa-arquitectotecnico.com\/gl\/contacto","title":{"rendered":"contacto"},"content":{"rendered":"<p>[et_pb_section fb_built=\u00bb1&#8243; admin_label=\u00bbHeader\u00bb _builder_version=\u00bb4.27.5&#8243; _module_preset=\u00bbdefault\u00bb background_color=\u00bb#3a0008&#8243; background_image=\u00bbhttps:\/\/pa-arquitectotecnico.com\/wp-content\/uploads\/2023\/03\/perito-de-asegurado.jpg\u00bb background_blend=\u00bbcolor-burn\u00bb background_enable_mask_style=\u00bbon\u00bb background_mask_style=\u00bbchevrons\u00bb background_mask_color=\u00bb#5A0C1C\u00bb background_mask_transform=\u00bbinvert\u00bb background_mask_blend_mode=\u00bbdarken\u00bb custom_padding=\u00bb||0px|||\u00bb hover_enabled=\u00bb0&#8243; collapsed=\u00bbon\u00bb global_colors_info=\u00bb{%22gcid-6bb521d5-2649-4d07-a59b-3ce6a3808f81%22:%91%22background_color%22%93}\u00bb sticky_enabled=\u00bb0&#8243;][\/et_pb_section][et_pb_section fb_built=\u00bb1&#8243; admin_label=\u00bbMap &#038; Contact Info\u00bb _builder_version=\u00bb4.20.1&#8243; _module_preset=\u00bbdefault\u00bb background_color=\u00bb#000000&#8243; hover_enabled=\u00bb0&#8243; collapsed=\u00bboff\u00bb global_colors_info=\u00bb{%22gcid-6bb521d5-2649-4d07-a59b-3ce6a3808f81%22:%91%22background_color%22%93}\u00bb sticky_enabled=\u00bb0&#8243;][et_pb_row column_structure=\u00bb3_5,2_5&#8243; use_custom_gutter=\u00bbon\u00bb gutter_width=\u00bb1&#8243; make_equal=\u00bbon\u00bb _builder_version=\u00bb4.20.1&#8243; _module_preset=\u00bbdefault\u00bb background_color=\u00bb#000000&#8243; custom_padding=\u00bb0px||0px||true|false\u00bb global_colors_info=\u00bb{}\u00bb][et_pb_column type=\u00bb3_5&#8243; _builder_version=\u00bb4.19.0&#8243; _module_preset=\u00bbdefault\u00bb global_colors_info=\u00bb{}\u00bb][et_pb_code _builder_version=\u00bb4.27.5&#8243; _module_preset=\u00bbdefault\u00bb custom_padding=\u00bb|0px||||\u00bb hover_enabled=\u00bb0&#8243; global_colors_info=\u00bb{}\u00bb sticky_enabled=\u00bb0&#8243;]<iframe src=\"https:\/\/www.google.com\/maps\/embed?pb=!1m18!1m12!1m3!1d2946.541926288565!2d-7.1196148101789944!3d42.39490385862456!2m3!1f0!2f0!3f0!3m2!1i1024!2i768!4f13.1!3m3!1m2!1s0xaf84426875871e27%3A0x4fc1cda1a0e13ed5!2sPA%20arquitecto%20t%C3%A9cnico!5e0!3m2!1ses!2ses!4v1770650523427!5m2!1ses!2ses\" width=\"600\" height=\"450\" style=\"border:0;\" allowfullscreen=\"\" loading=\"lazy\" referrerpolicy=\"no-referrer-when-downgrade\"><\/iframe>[\/et_pb_code][\/et_pb_column][et_pb_column type=\u201d2_5\u2033 _builder_version=\u201d4.19.1\u2033 _module_preset=\u201ddefault\u201d global_colors_info=\u201d{}\u201d][et_pb_blurb title=\u201dTel\u00e9fono\u201d content_max_1_TP_1_version=\u201d19.10\u201d .1\u2033 _module_preset=\u00bbpredeterminado\u00bb header_font=\u00bbMichroma||||||||\u00bb header_text_color=\u00bb#5A0C1C\u00bb header_font_size=\u00bb16px\u00bb header_line_height=\u00bb1.4em\u00bb body_font=\u00bbMichroma||||||||\u00bb body_text_color=\u201d#000000\u2033 body_font_size=\u201d19px\u201d body_line_height=\u201d1.2em\u201d background_color=\u201d#f7fc01\u2033 custom_margin=\u201d||0px||false|false\u201d custom_padding=\u201d45px|30px|30px|30px|45px|tableta personalizada = \u00bb30px||30px||true|true\u00bb custom_padding_phone=\u00bb20px|20px|20px|20px|true|true\u00bb custom_padding_last_edited=\u00bbon|phone\u00bb animation=\u00bboff\u00bb header_font_size_tablet=\u00bb15px\u00bb header_font_size_phone\u00bb_14tfont_size_phone ted= \u00bbno|tel\u00e9fono\u00bb body_font_size_tablet=\u00bb15px\u00bb body_font_size_phone=\u00bb14px\u00bb body_font_size_last_edited=\u00bben|escritorio\u00bb global_colors_info=\u00bb{}\u00bb]<\/p>\n<p>(+34) 607 183 181<\/p>\n<p>[\/et_pb_blurb][et_pb_blurb title=\u00bbCorreo electr\u00f3nico\u00bb content_max_width=\u00bb100%\u00bb _builder_version=\u00bb4.20.1\u2033 _module_preset=\u00bbpredeterminado\u00bb header_font=\u00bbMichroma|||||||\u00bb header_text_color=\u00bb#EDF000\u2033 header_font_size=\u00bb16px\u00bb header_line_height=\u00bb1.4em\u00bb body_font=\u00bbMichroma||||||||\u00bb body_line_height = \u00bb1.2em\u00bb body_link_text_color = \u00bb#ffffff\u00bb background_color = \u00bb#5a0c1c\u00bb background_layout = \u00bbdark\u00bb custom_margin = \u00bb|| 0px || false | false\u00bb custom_padding = \u00bb45px | 30px | x | True |_px |_padding |30px||true|true\u00bb custom_padding_phone=\u00bb20px|20px|20px|20px|true|true\u00bb custom_padding_last_edited=\u00bbon|phone\u00bb animaci\u00f3n=\u00bbdesactivado\u00bb header_font_size_tablet=\u00bb15px\u00bb header_font_size_phone=\u00bbheader_font_size_phone=\u00bb14px_edi |tel\u00e9fono\u00bb global_colors_info=\u00bb{}\u00bb]<\/p>\n<p><a href=\"mailto:#\">pedroalvarez.at@gmail.com\u00a0<\/a><\/p>\n<p>[\/et_pb_blurb][et_pb_blurb title=\u00bbDirecci\u00f3n\u00bb content_max_width=\u00bb100%\u00bb _builder_version=\u00bb4.27.5&#8243; _module_preset=\u00bbdefault\u00bb header_font=\u00bbMichroma||||||||\u00bb header_text_color=\u00bb#5A0C1C\u00bb header_font_size=\u00bb16px\u00bb header_line_height=\u00bb1.4em\u00bb body_font=\u00bbMichroma||||||||\u00bb body_text_color=\u00bb#000000&#8243; body_font_size=\u00bb19px\u00bb body_line_height=\u00bb1.2em\u00bb background_color=\u00bb#FFFFFF\u00bb custom_margin=\u00bb||0px||false|false\u00bb custom_padding=\u00bb45px|30px|45px|30px|true|true\u00bb custom_padding_tablet=\u00bb30px||30px||true|true\u00bb custom_padding_phone=\u00bb20px|20px|20px|20px|true|true\u00bb custom_padding_last_edited=\u00bbon|phone\u00bb animation=\u00bboff\u00bb hover_enabled=\u00bb0&#8243; header_font_size_tablet=\u00bb15px\u00bb header_font_size_phone=\u00bb14px\u00bb header_font_size_last_edited=\u00bbon|phone\u00bb body_font_size_tablet=\u00bb15px\u00bb body_font_size_phone=\u00bb14px\u00bb body_font_size_last_edited=\u00bbon|desktop\u00bb global_colors_info=\u00bb{}\u00bb sticky_enabled=\u00bb0&#8243;]<\/p>\n<p><span>Calle progreso 49-51 bajo P10, 32350 La R\u00faa, Ourense.<\/span><\/p>\n<p>[\/et_pb_blurb][\/et_pb_column][\/et_pb_row][\/et_pb_section][et_pb_section fb_built=\u00bb1&#8243; admin_label=\u00bbFAQ\u00bb _builder_version=\u00bb4.20.1&#8243; _module_preset=\u00bbdefault\u00bb background_color=\u00bb#3a0008&#8243; saved_tabs=\u00bball\u00bb collapsed=\u00bbon\u00bb global_colors_info=\u00bb{%22gcid-6bb521d5-2649-4d07-a59b-3ce6a3808f81%22:%91%22background_color%22%93}\u00bb][et_pb_row _builder_version=\u00bb4.19.0&#8243; _module_preset=\u00bbdefault\u00bb global_colors_info=\u00bb{}\u00bb][et_pb_column type=\u00bb4_4&#8243; _builder_version=\u00bb4.19.0&#8243; _module_preset=\u00bbdefault\u00bb global_colors_info=\u00bb{}\u00bb][et_pb_text _builder_version=\u00bb4.20.2&#8243; _module_preset=\u00bbb327cbe4-b1d5-4b66-ad37-40c8f2f061ba\u00bb header_2_font=\u00bbMichroma||||||||\u00bb header_2_font_size=\u00bb48px\u00bb header_2_line_height=\u00bb1.2em\u00bb background_layout=\u00bbdark\u00bb header_2_font_size_tablet=\u00bb32px\u00bb header_2_font_size_phone=\u00bb20px\u00bb header_2_font_size_last_edited=\u00bbon|desktop\u00bb global_colors_info=\u00bb{}\u00bb]<\/p>\n<h2>FAQ<\/h2>\n<p><strong>Para iniciar unha obra en Galicia \u00e9 necesario seguir unha serie de pasos e cumprir determinados requisitos legais e administrativos. Aqu\u00ed est\u00e1n os pasos m\u00e1is importantes a seguir:<\/strong><\/p>\n<p>[\/et_pb_text][\/et_pb_column][\/et_pb_row][et_pb_row column_structure=\u00bb1_2,1_2&#8243; _builder_version=\u00bb4.20.2&#8243; _module_preset=\u00bbdefault\u00bb global_colors_info=\u00bb{}\u00bb][et_pb_column type=\u00bb1_2&#8243; _builder_version=\u00bb4.19.0&#8243; _module_preset=\u00bbdefault\u00bb global_colors_info=\u00bb{}\u00bb][et_pb_accordion open_toggle_text_color=\u00bb#FFFFFF\u00bb open_toggle_background_color=\u00bbRGBA(255,255,255,0)\u00bb closed_toggle_background_color=\u00bbRGBA(255,255,255,0)\u00bb toggle_icon=\u00bb&#x4c;||divi||400&#8243; icon_color=\u00bb#f7fc01&#8243; use_icon_font_size=\u00bbon\u00bb icon_font_size=\u00bb24px\u00bb _builder_version=\u00bb4.20.2&#8243; _module_preset=\u00bb85939193-2ea4-4c87-9d50-2bfcb0f17cef\u00bb toggle_text_color=\u00bb#FFFFFF\u00bb toggle_font=\u00bbMichroma||||||||\u00bb toggle_font_size=\u00bb16px\u00bb toggle_line_height=\u00bb1.4em\u00bb body_text_color=\u00bb#9e9e9e\u00bb body_font_size=\u00bb16px\u00bb body_line_height=\u00bb1.8em\u00bb toggle_font_size_tablet=\u00bb15px\u00bb toggle_font_size_phone=\u00bb14px\u00bb toggle_font_size_last_edited=\u00bbon|phone\u00bb body_font_size_tablet=\u00bb15px\u00bb body_font_size_phone=\u00bb14px\u00bb body_font_size_last_edited=\u00bbon|desktop\u00bb border_width_all=\u00bb0px\u00bb locked=\u00bboff\u00bb global_colors_info=\u00bb{%22gcid-9d8d6552-a4b0-4171-847a-f5c0d7177503%22:%91%22body_text_color%22%93}\u00bb][et_pb_accordion_item title=\u00bbPasos dar para empezar\u00bb open=\u00bbon\u00bb _builder_version=\u00bb4.20.2&#8243; _module_preset=\u00bbdefault\u00bb custom_padding=\u00bb|0px||0px|false|true\u00bb global_colors_info=\u00bb{}\u00bb]<\/p>\n<ul>\n<li><strong>Planificaci\u00f3n:<\/strong> \u00c9 importante contar cunha planificaci\u00f3n detallada da obra, que incl\u00faa os planos e documentos t\u00e9cnicos necesarios, a estimaci\u00f3n de custos e a definici\u00f3n dos prazos de execuci\u00f3n. Tam\u00e9n se debe establecer un plan de seguridade e sa\u00fade para garantir a protecci\u00f3n dos traballadores.<\/li>\n<li><strong>Solicitude de permiso:<\/strong> Os permisos necesarios deber\u00e1n obterse das autoridades competentes antes do inicio das obras. En Galicia, os permisos deber\u00e1n obterse da Direcci\u00f3n Xeral de Patrimonio Cultural, da Conseller\u00eda de Infraestruturas e Mobilidade, e da Casa do Concello correspondente.<\/li>\n<li><strong>Inscrici\u00f3n no Caderno de Subcontrataci\u00f3n:<\/strong> Se parte da obra se subcontrata a terceiros, esta actividade deber\u00e1 consignarse no Caderno de Subcontrataci\u00f3n.<\/li>\n<\/ul>\n<p>[\/et_pb_accordion_item][\/et_pb_accordion][\/et_pb_column][et_pb_column type=\u00bb1_2&#8243; _builder_version=\u00bb4.19.0&#8243; _module_preset=\u00bbdefault\u00bb global_colors_info=\u00bb{}\u00bb][et_pb_accordion open_toggle_text_color=\u00bb#FFFFFF\u00bb open_toggle_background_color=\u00bbRGBA(255,255,255,0)\u00bb closed_toggle_background_color=\u00bbRGBA(255,255,255,0)\u00bb toggle_icon=\u00bb&#x4c;||divi||400&#8243; icon_color=\u00bb#f7fc01&#8243; use_icon_font_size=\u00bbon\u00bb icon_font_size=\u00bb24px\u00bb _builder_version=\u00bb4.20.2&#8243; _module_preset=\u00bb85939193-2ea4-4c87-9d50-2bfcb0f17cef\u00bb toggle_text_color=\u00bb#FFFFFF\u00bb toggle_font=\u00bbMichroma||||||||\u00bb toggle_font_size=\u00bb16px\u00bb toggle_line_height=\u00bb1.4em\u00bb body_text_color=\u00bb#9e9e9e\u00bb body_font_size=\u00bb16px\u00bb body_line_height=\u00bb1.8em\u00bb toggle_font_size_tablet=\u00bb15px\u00bb toggle_font_size_phone=\u00bb14px\u00bb toggle_font_size_last_edited=\u00bbon|phone\u00bb body_font_size_tablet=\u00bb15px\u00bb body_font_size_phone=\u00bb14px\u00bb body_font_size_last_edited=\u00bbon|desktop\u00bb border_width_all=\u00bb0px\u00bb locked=\u00bboff\u00bb global_colors_info=\u00bb{%22gcid-9d8d6552-a4b0-4171-847a-f5c0d7177503%22:%91%22body_text_color%22%93}\u00bb][et_pb_accordion_item title=\u00bbRegistro, seguro y contrataci\u00f3n:\u00bb open=\u00bbon\u00bb _builder_version=\u00bb4.20.2&#8243; _module_preset=\u00bbdefault\u00bb custom_padding=\u00bb|0px||0px|false|true\u00bb global_colors_info=\u00bb{}\u00bb]<\/p>\n<ul>\n<li><strong>Inscrici\u00f3n no Rexistro de Empresas Acreditadas:<\/strong> A empresa deber\u00e1 estar inscrita no Rexistro de Empresas Acreditadas para garantir o cumprimento da normativa de seguridade no traballo.<\/li>\n<li><strong>Contrataci\u00f3n de profesionais<\/strong>: Para a realizaci\u00f3n dos traballos d\u00e9bense contratar profesionais cualificados, entre eles arquitectos, aparelladores, enxe\u00f1eiros e contratistas de obras.<\/li>\n<li><strong>Seguro de responsabilidade civil<\/strong>: Hai que contratar un seguro de responsabilidade civil para protexer \u00e1 empresa en caso de accidentes ou danos a terceiros.<\/li>\n<li><strong>Contrato de traballo:<\/strong> Deber\u00e1 formalizarse un contrato para a finalizaci\u00f3n do proxecto con todas as garant\u00edas e seguridade.<\/li>\n<\/ul>\n<p>[\/et_pb_accordion_item][\/et_pb_accordion][\/et_pb_column][\/et_pb_row][\/et_pb_section]<\/p>","protected":false},"excerpt":{"rendered":"<p>Arquitecto t\u00e9cnico en Ourense, iniciando unha obra en Galicia, tr\u00e1mites para cumprir determinados requisitos legais e administrativos. <\/p>","protected":false},"author":1,"featured_media":75,"parent":0,"menu_order":0,"comment_status":"closed","ping_status":"closed","template":"","meta":{"_et_pb_use_builder":"on","_et_pb_old_content":"","_et_gb_content_width":"","footnotes":""},"class_list":["post-79","page","type-page","status-publish","has-post-thumbnail","hentry"],"yoast_head":"<!-- This site is optimized with the Yoast SEO plugin v27.6 - https:\/\/yoast.com\/product\/yoast-seo-wordpress\/ -->\n<title>contacto - PEDRO \u00c1LVAREZ<\/title>\n<meta name=\"description\" content=\"Arquitecto t\u00e9cnico en Ourense, comenzar una obra en Galicia, pasos a cumplir con ciertos requisitos legales y administrativos.\" \/>\n<meta name=\"robots\" content=\"index, follow, max-snippet:-1, max-image-preview:large, max-video-preview:-1\" \/>\n<link rel=\"canonical\" href=\"https:\/\/pa-arquitectotecnico.com\/gl\/contacto\/\" \/>\n<meta property=\"og:locale\" content=\"gl_ES\" \/>\n<meta property=\"og:type\" content=\"article\" \/>\n<meta property=\"og:title\" content=\"Arquitecto t\u00e9cnico en Ourense\" \/>\n<meta property=\"og:description\" content=\"Arquitecto t\u00e9cnico en Ourense, comenzar una obra en Galicia, pasos a cumplir con ciertos requisitos legales y administrativos.\" \/>\n<meta property=\"og:url\" content=\"https:\/\/pa-arquitectotecnico.com\/gl\/contacto\/\" \/>\n<meta property=\"og:site_name\" content=\"PEDRO \u00c1LVAREZ\" \/>\n<meta property=\"article:publisher\" content=\"https:\/\/www.facebook.com\/parquitectotecnico\/\" \/>\n<meta property=\"article:modified_time\" content=\"2026-02-09T15:23:48+00:00\" \/>\n<meta property=\"og:image\" content=\"https:\/\/pa-arquitectotecnico.com\/wp-content\/uploads\/2023\/03\/logo-PA-AT.png\" \/>\n\t<meta property=\"og:image:width\" content=\"684\" \/>\n\t<meta property=\"og:image:height\" content=\"684\" \/>\n\t<meta property=\"og:image:type\" content=\"image\/png\" \/>\n<meta name=\"twitter:card\" content=\"summary_large_image\" \/>\n<meta name=\"twitter:title\" content=\"Arquitecto t\u00e9cnico en Ourense\" \/>\n<meta name=\"twitter:description\" content=\"Arquitecto t\u00e9cnico en Ourense, comenzar una obra en Galicia, pasos a cumplir con ciertos requisitos legales y administrativos.\" \/>\n<meta name=\"twitter:image\" content=\"https:\/\/pa-arquitectotecnico.com\/wp-content\/uploads\/2023\/03\/logo-PA-AT.png\" \/>\n<meta name=\"twitter:site\" content=\"@parquitectotecnico\" \/>\n<meta name=\"twitter:label1\" content=\"Tempo de lectura\" \/>\n\t<meta name=\"twitter:data1\" content=\"2 minutos\" \/>\n<script type=\"application\/ld+json\" class=\"yoast-schema-graph\">{\"@context\":\"https:\\\/\\\/schema.org\",\"@graph\":[{\"@type\":\"WebPage\",\"@id\":\"https:\\\/\\\/pa-arquitectotecnico.com\\\/es_es\\\/contacto\",\"url\":\"https:\\\/\\\/pa-arquitectotecnico.com\\\/es_es\\\/contacto\",\"name\":\"contacto - PEDRO \u00c1LVAREZ\",\"isPartOf\":{\"@id\":\"https:\\\/\\\/pa-arquitectotecnico.com\\\/gl\\\/#website\"},\"primaryImageOfPage\":{\"@id\":\"https:\\\/\\\/pa-arquitectotecnico.com\\\/es_es\\\/contacto#primaryimage\"},\"image\":{\"@id\":\"https:\\\/\\\/pa-arquitectotecnico.com\\\/es_es\\\/contacto#primaryimage\"},\"thumbnailUrl\":\"https:\\\/\\\/pa-arquitectotecnico.com\\\/wp-content\\\/uploads\\\/2023\\\/03\\\/cropped-logo-PA-AT.png\",\"datePublished\":\"2023-03-07T17:08:51+00:00\",\"dateModified\":\"2026-02-09T15:23:48+00:00\",\"description\":\"Arquitecto t\u00e9cnico en Ourense, comenzar una obra en Galicia, pasos a cumplir con ciertos requisitos legales y administrativos.\",\"breadcrumb\":{\"@id\":\"https:\\\/\\\/pa-arquitectotecnico.com\\\/es_es\\\/contacto#breadcrumb\"},\"inLanguage\":\"gl-ES\",\"potentialAction\":[{\"@type\":\"ReadAction\",\"target\":[\"https:\\\/\\\/pa-arquitectotecnico.com\\\/es_es\\\/contacto\"]}]},{\"@type\":\"ImageObject\",\"inLanguage\":\"gl-ES\",\"@id\":\"https:\\\/\\\/pa-arquitectotecnico.com\\\/es_es\\\/contacto#primaryimage\",\"url\":\"https:\\\/\\\/pa-arquitectotecnico.com\\\/wp-content\\\/uploads\\\/2023\\\/03\\\/cropped-logo-PA-AT.png\",\"contentUrl\":\"https:\\\/\\\/pa-arquitectotecnico.com\\\/wp-content\\\/uploads\\\/2023\\\/03\\\/cropped-logo-PA-AT.png\",\"width\":512,\"height\":512},{\"@type\":\"BreadcrumbList\",\"@id\":\"https:\\\/\\\/pa-arquitectotecnico.com\\\/es_es\\\/contacto#breadcrumb\",\"itemListElement\":[{\"@type\":\"ListItem\",\"position\":1,\"name\":\"Portada\",\"item\":\"https:\\\/\\\/pa-arquitectotecnico.com\\\/\"},{\"@type\":\"ListItem\",\"position\":2,\"name\":\"contacto\"}]},{\"@type\":\"WebSite\",\"@id\":\"https:\\\/\\\/pa-arquitectotecnico.com\\\/gl\\\/#website\",\"url\":\"https:\\\/\\\/pa-arquitectotecnico.com\\\/gl\\\/\",\"name\":\"PA\",\"description\":\"Arquitecto T\u00e9cnico\",\"publisher\":{\"@id\":\"https:\\\/\\\/pa-arquitectotecnico.com\\\/gl\\\/#organization\"},\"potentialAction\":[{\"@type\":\"SearchAction\",\"target\":{\"@type\":\"EntryPoint\",\"urlTemplate\":\"https:\\\/\\\/pa-arquitectotecnico.com\\\/gl\\\/?s={search_term_string}\"},\"query-input\":{\"@type\":\"PropertyValueSpecification\",\"valueRequired\":true,\"valueName\":\"search_term_string\"}}],\"inLanguage\":\"gl-ES\"},{\"@type\":\"Organization\",\"@id\":\"https:\\\/\\\/pa-arquitectotecnico.com\\\/gl\\\/#organization\",\"name\":\"PEDRO \u00c1LVAREZ ARQUIT\u00c9CTO T\u00c9CNICO\",\"url\":\"https:\\\/\\\/pa-arquitectotecnico.com\\\/gl\\\/\",\"logo\":{\"@type\":\"ImageObject\",\"inLanguage\":\"gl-ES\",\"@id\":\"https:\\\/\\\/pa-arquitectotecnico.com\\\/gl\\\/#\\\/schema\\\/logo\\\/image\\\/\",\"url\":\"https:\\\/\\\/pa.sensationimage.com\\\/wp-content\\\/uploads\\\/2023\\\/03\\\/cropped-logo-PA-AT.png\",\"contentUrl\":\"https:\\\/\\\/pa.sensationimage.com\\\/wp-content\\\/uploads\\\/2023\\\/03\\\/cropped-logo-PA-AT.png\",\"width\":512,\"height\":512,\"caption\":\"PEDRO \u00c1LVAREZ ARQUIT\u00c9CTO T\u00c9CNICO\"},\"image\":{\"@id\":\"https:\\\/\\\/pa-arquitectotecnico.com\\\/gl\\\/#\\\/schema\\\/logo\\\/image\\\/\"},\"sameAs\":[\"https:\\\/\\\/www.facebook.com\\\/parquitectotecnico\\\/\",\"https:\\\/\\\/x.com\\\/parquitectotecnico\"]}]}<\/script>\n<!-- \/ Yoast SEO plugin. -->","yoast_head_json":{"title":"contacto - PEDRO \u00c1LVAREZ","description":"Arquitecto t\u00e9cnico en Ourense, comenzar una obra en Galicia, pasos a cumplir con ciertos requisitos legales y administrativos.","robots":{"index":"index","follow":"follow","max-snippet":"max-snippet:-1","max-image-preview":"max-image-preview:large","max-video-preview":"max-video-preview:-1"},"canonical":"https:\/\/pa-arquitectotecnico.com\/gl\/contacto\/","og_locale":"gl_ES","og_type":"article","og_title":"Arquitecto t\u00e9cnico en Ourense","og_description":"Arquitecto t\u00e9cnico en Ourense, comenzar una obra en Galicia, pasos a cumplir con ciertos requisitos legales y administrativos.","og_url":"https:\/\/pa-arquitectotecnico.com\/gl\/contacto\/","og_site_name":"PEDRO \u00c1LVAREZ","article_publisher":"https:\/\/www.facebook.com\/parquitectotecnico\/","article_modified_time":"2026-02-09T15:23:48+00:00","og_image":[{"width":684,"height":684,"url":"https:\/\/pa-arquitectotecnico.com\/wp-content\/uploads\/2023\/03\/logo-PA-AT.png","type":"image\/png"}],"twitter_card":"summary_large_image","twitter_title":"Arquitecto t\u00e9cnico en Ourense","twitter_description":"Arquitecto t\u00e9cnico en Ourense, comenzar una obra en Galicia, pasos a cumplir con ciertos requisitos legales y administrativos.","twitter_image":"https:\/\/pa-arquitectotecnico.com\/wp-content\/uploads\/2023\/03\/logo-PA-AT.png","twitter_site":"@parquitectotecnico","twitter_misc":{"Tempo de lectura":"2 minutos"},"schema":{"@context":"https:\/\/schema.org","@graph":[{"@type":"WebPage","@id":"https:\/\/pa-arquitectotecnico.com\/es_es\/contacto","url":"https:\/\/pa-arquitectotecnico.com\/es_es\/contacto","name":"contacto - PEDRO \u00c1LVAREZ","isPartOf":{"@id":"https:\/\/pa-arquitectotecnico.com\/gl\/#website"},"primaryImageOfPage":{"@id":"https:\/\/pa-arquitectotecnico.com\/es_es\/contacto#primaryimage"},"image":{"@id":"https:\/\/pa-arquitectotecnico.com\/es_es\/contacto#primaryimage"},"thumbnailUrl":"https:\/\/pa-arquitectotecnico.com\/wp-content\/uploads\/2023\/03\/cropped-logo-PA-AT.png","datePublished":"2023-03-07T17:08:51+00:00","dateModified":"2026-02-09T15:23:48+00:00","description":"Arquitecto t\u00e9cnico en Ourense, comenzar una obra en Galicia, pasos a cumplir con ciertos requisitos legales y administrativos.","breadcrumb":{"@id":"https:\/\/pa-arquitectotecnico.com\/es_es\/contacto#breadcrumb"},"inLanguage":"gl-ES","potentialAction":[{"@type":"ReadAction","target":["https:\/\/pa-arquitectotecnico.com\/es_es\/contacto"]}]},{"@type":"ImageObject","inLanguage":"gl-ES","@id":"https:\/\/pa-arquitectotecnico.com\/es_es\/contacto#primaryimage","url":"https:\/\/pa-arquitectotecnico.com\/wp-content\/uploads\/2023\/03\/cropped-logo-PA-AT.png","contentUrl":"https:\/\/pa-arquitectotecnico.com\/wp-content\/uploads\/2023\/03\/cropped-logo-PA-AT.png","width":512,"height":512},{"@type":"BreadcrumbList","@id":"https:\/\/pa-arquitectotecnico.com\/es_es\/contacto#breadcrumb","itemListElement":[{"@type":"ListItem","position":1,"name":"Portada","item":"https:\/\/pa-arquitectotecnico.com\/"},{"@type":"ListItem","position":2,"name":"contacto"}]},{"@type":"WebSite","@id":"https:\/\/pa-arquitectotecnico.com\/gl\/#website","url":"https:\/\/pa-arquitectotecnico.com\/gl\/","name":"PA","description":"Arquitecto T\u00e9cnico","publisher":{"@id":"https:\/\/pa-arquitectotecnico.com\/gl\/#organization"},"potentialAction":[{"@type":"SearchAction","target":{"@type":"EntryPoint","urlTemplate":"https:\/\/pa-arquitectotecnico.com\/gl\/?s={search_term_string}"},"query-input":{"@type":"PropertyValueSpecification","valueRequired":true,"valueName":"search_term_string"}}],"inLanguage":"gl-ES"},{"@type":"Organization","@id":"https:\/\/pa-arquitectotecnico.com\/gl\/#organization","name":"PEDRO \u00c1LVAREZ ARQUIT\u00c9CTO T\u00c9CNICO","url":"https:\/\/pa-arquitectotecnico.com\/gl\/","logo":{"@type":"ImageObject","inLanguage":"gl-ES","@id":"https:\/\/pa-arquitectotecnico.com\/gl\/#\/schema\/logo\/image\/","url":"https:\/\/pa.sensationimage.com\/wp-content\/uploads\/2023\/03\/cropped-logo-PA-AT.png","contentUrl":"https:\/\/pa.sensationimage.com\/wp-content\/uploads\/2023\/03\/cropped-logo-PA-AT.png","width":512,"height":512,"caption":"PEDRO \u00c1LVAREZ ARQUIT\u00c9CTO T\u00c9CNICO"},"image":{"@id":"https:\/\/pa-arquitectotecnico.com\/gl\/#\/schema\/logo\/image\/"},"sameAs":["https:\/\/www.facebook.com\/parquitectotecnico\/","https:\/\/x.com\/parquitectotecnico"]}]}},"_links":{"self":[{"href":"https:\/\/pa-arquitectotecnico.com\/gl\/wp-json\/wp\/v2\/pages\/79","targetHints":{"allow":["GET"]}}],"collection":[{"href":"https:\/\/pa-arquitectotecnico.com\/gl\/wp-json\/wp\/v2\/pages"}],"about":[{"href":"https:\/\/pa-arquitectotecnico.com\/gl\/wp-json\/wp\/v2\/types\/page"}],"author":[{"embeddable":true,"href":"https:\/\/pa-arquitectotecnico.com\/gl\/wp-json\/wp\/v2\/users\/1"}],"replies":[{"embeddable":true,"href":"https:\/\/pa-arquitectotecnico.com\/gl\/wp-json\/wp\/v2\/comments?post=79"}],"version-history":[{"count":26,"href":"https:\/\/pa-arquitectotecnico.com\/gl\/wp-json\/wp\/v2\/pages\/79\/revisions"}],"predecessor-version":[{"id":355,"href":"https:\/\/pa-arquitectotecnico.com\/gl\/wp-json\/wp\/v2\/pages\/79\/revisions\/355"}],"wp:featuredmedia":[{"embeddable":true,"href":"https:\/\/pa-arquitectotecnico.com\/gl\/wp-json\/wp\/v2\/media\/75"}],"wp:attachment":[{"href":"https:\/\/pa-arquitectotecnico.com\/gl\/wp-json\/wp\/v2\/media?parent=79"}],"curies":[{"name":"wp","href":"https:\/\/api.w.org\/{rel}","templated":true}]}}